{"id":361,"date":"2025-07-19T16:37:59","date_gmt":"2025-07-19T16:37:59","guid":{"rendered":"https:\/\/constructoracielo.com\/?page_id=361"},"modified":"2025-07-19T16:41:00","modified_gmt":"2025-07-19T16:41:00","slug":"portafolio-de-remodelacioens","status":"publish","type":"page","link":"https:\/\/constructoracielo.com\/index.php\/portafolio-de-remodelacioens\/","title":{"rendered":"Portafolio de Remodelaciones"},"content":{"rendered":"\t\t<div data-elementor-type=\"wp-page\" data-elementor-id=\"361\" class=\"elementor elementor-361\">\n\t\t\t\t<div class=\"elementor-element elementor-element-35985db e-flex e-con-boxed e-con e-parent\" data-id=\"35985db\" data-element_type=\"container\" data-e-type=\"container\">\n\t\t\t\t\t<div class=\"e-con-inner\">\n\t\t\t\t<div class=\"elementor-element elementor-element-a0dc042 elementor-widget elementor-widget-spacer\" data-id=\"a0dc042\" data-element_type=\"widget\" data-e-type=\"widget\" data-widget_type=\"spacer.default\">\n\t\t\t\t<div class=\"elementor-widget-container\">\n\t\t\t\t\t\t\t<div class=\"elementor-spacer\">\n\t\t\t<div class=\"elementor-spacer-inner\"><\/div>\n\t\t<\/div>\n\t\t\t\t\t\t<\/div>\n\t\t\t\t<\/div>\n\t\t\t\t\t<\/div>\n\t\t\t\t<\/div>\n\t\t<div class=\"elementor-element elementor-element-63ff219 e-con-full e-flex e-con e-parent\" data-id=\"63ff219\" data-element_type=\"container\" data-e-type=\"container\" data-settings=\"{&quot;background_background&quot;:&quot;gradient&quot;}\">\n\t\t\t\t<div class=\"elementor-element elementor-element-d234c3d elementor-widget elementor-widget-heading\" data-id=\"d234c3d\" data-element_type=\"widget\" data-e-type=\"widget\" data-widget_type=\"heading.default\">\n\t\t\t\t<div class=\"elementor-widget-container\">\n\t\t\t\t\t<h1 class=\"elementor-heading-title elementor-size-default\">Portafolio de remodelaciones<\/h1>\t\t\t\t<\/div>\n\t\t\t\t<\/div>\n\t\t\t\t<div class=\"elementor-element elementor-element-941fc04 elementor-widget elementor-widget-heading\" data-id=\"941fc04\" data-element_type=\"widget\" data-e-type=\"widget\" data-widget_type=\"heading.default\">\n\t\t\t\t<div class=\"elementor-widget-container\">\n\t\t\t\t\t<h2 class=\"elementor-heading-title elementor-size-default\">Constructora Cielo 2025<\/h2>\t\t\t\t<\/div>\n\t\t\t\t<\/div>\n\t\t\t\t<\/div>\n\t\t<div class=\"elementor-element elementor-element-581ced8 e-flex e-con-boxed e-con e-parent\" data-id=\"581ced8\" data-element_type=\"container\" data-e-type=\"container\">\n\t\t\t\t\t<div class=\"e-con-inner\">\n\t\t\t\t<div class=\"elementor-element elementor-element-bb2c49a elementor-widget-divider--view-line elementor-widget elementor-widget-divider\" data-id=\"bb2c49a\" data-element_type=\"widget\" data-e-type=\"widget\" data-widget_type=\"divider.default\">\n\t\t\t\t<div class=\"elementor-widget-container\">\n\t\t\t\t\t\t\t<div class=\"elementor-divider\">\n\t\t\t<span class=\"elementor-divider-separator\">\n\t\t\t\t\t\t<\/span>\n\t\t<\/div>\n\t\t\t\t\t\t<\/div>\n\t\t\t\t<\/div>\n\t\t\t\t<div class=\"elementor-element elementor-element-8fccd71 elementor-widget elementor-widget-heading\" data-id=\"8fccd71\" data-element_type=\"widget\" data-e-type=\"widget\" data-widget_type=\"heading.default\">\n\t\t\t\t<div class=\"elementor-widget-container\">\n\t\t\t\t\t<h2 class=\"elementor-heading-title elementor-size-default\">\u00bfQuienes somos en Constructora Cielo?<\/h2>\t\t\t\t<\/div>\n\t\t\t\t<\/div>\n\t\t\t\t<div class=\"elementor-element elementor-element-a581ae3 elementor-widget elementor-widget-heading\" data-id=\"a581ae3\" data-element_type=\"widget\" data-e-type=\"widget\" data-widget_type=\"heading.default\">\n\t\t\t\t<div class=\"elementor-widget-container\">\n\t\t\t\t\t<h3 class=\"elementor-heading-title elementor-size-default\">Constructora Cielo es una empresa de Construcci\u00f3n, especialista en remodelaci\u00f3n. Llevamos m\u00e1s de 10 a\u00f1os en el mercado regional, estamos ubicados en la ciudad de Cali, y prestamos servicios de construcci\u00f3n y remodelaci\u00f3n a las ciudades de Cali, Jamund\u00ed y Yumbo.  Somos un equipo conformado por 2 arquitectos y 1 ingeniero. Nos diferenciamos de otras empresas por el cumplimiento de nuestro trabajo, la garant\u00eda que brindamos, la legalidad de un contrato con p\u00f3lizas y los acabados de primera calidad que entregamos.<\/h3>\t\t\t\t<\/div>\n\t\t\t\t<\/div>\n\t\t\t\t<div class=\"elementor-element elementor-element-7edcb68 elementor-widget elementor-widget-heading\" data-id=\"7edcb68\" data-element_type=\"widget\" data-e-type=\"widget\" data-widget_type=\"heading.default\">\n\t\t\t\t<div class=\"elementor-widget-container\">\n\t\t\t\t\t<h2 class=\"elementor-heading-title elementor-size-default\">\u00bfQu\u00e9\u00b4 ofrecemos en Constructora Cielo?<\/h2>\t\t\t\t<\/div>\n\t\t\t\t<\/div>\n\t\t\t\t\t<\/div>\n\t\t\t\t<\/div>\n\t\t<div class=\"elementor-element elementor-element-5eef665 e-flex e-con-boxed e-con e-parent\" data-id=\"5eef665\" data-element_type=\"container\" data-e-type=\"container\">\n\t\t\t\t\t<div class=\"e-con-inner\">\n\t\t<div class=\"elementor-element elementor-element-77a9d16 e-con-full e-flex e-con e-child\" data-id=\"77a9d16\" data-element_type=\"container\" data-e-type=\"container\">\n\t\t\t\t<div class=\"elementor-element elementor-element-292b3ee elementor-widget elementor-widget-heading\" data-id=\"292b3ee\" data-element_type=\"widget\" data-e-type=\"widget\" data-widget_type=\"heading.default\">\n\t\t\t\t<div class=\"elementor-widget-container\">\n\t\t\t\t\t<h2 class=\"elementor-heading-title elementor-size-default\">Remodelaci\u00f3n<\/h2>\t\t\t\t<\/div>\n\t\t\t\t<\/div>\n\t\t\t\t<div class=\"elementor-element elementor-element-0ed2cbf elementor-widget elementor-widget-image\" data-id=\"0ed2cbf\" data-element_type=\"widget\" data-e-type=\"widget\" data-widget_type=\"image.default\">\n\t\t\t\t<div class=\"elementor-widget-container\">\n\t\t\t\t\t\t\t\t\t\t\t\t\t\t\t<img fetchpriority=\"high\" decoding=\"async\" width=\"1024\" height=\"722\" src=\"https:\/\/constructoracielo.com\/wp-content\/uploads\/2025\/06\/Fondo-Constructora-Cielo-2-1024x722.jpg\" class=\"attachment-large size-large wp-image-240\" alt=\"\" srcset=\"https:\/\/constructoracielo.com\/wp-content\/uploads\/2025\/06\/Fondo-Constructora-Cielo-2-1024x722.jpg 1024w, https:\/\/constructoracielo.com\/wp-content\/uploads\/2025\/06\/Fondo-Constructora-Cielo-2-300x212.jpg 300w, https:\/\/constructoracielo.com\/wp-content\/uploads\/2025\/06\/Fondo-Constructora-Cielo-2-768x541.jpg 768w, https:\/\/constructoracielo.com\/wp-content\/uploads\/2025\/06\/Fondo-Constructora-Cielo-2.jpg 1200w\" sizes=\"(max-width: 1024px) 100vw, 1024px\" \/>\t\t\t\t\t\t\t\t\t\t\t\t\t\t\t<\/div>\n\t\t\t\t<\/div>\n\t\t\t\t<div class=\"elementor-element elementor-element-3ab18b5 elementor-widget elementor-widget-heading\" data-id=\"3ab18b5\" data-element_type=\"widget\" data-e-type=\"widget\" data-widget_type=\"heading.default\">\n\t\t\t\t<div class=\"elementor-widget-container\">\n\t\t\t\t\t<h3 class=\"elementor-heading-title elementor-size-default\">En Constructora Cielo brindamos el servicio de remodelaci\u00f3n completo, nuestra oferta de valor es trabajar a todo costo, contamos con profesionales capaces de organizar todo el interior. Tambi\u00e9n realizamos construcciones de terceros pisos, ampliaciones y reforzamiento estructural.<\/h3>\t\t\t\t<\/div>\n\t\t\t\t<\/div>\n\t\t\t\t<\/div>\n\t\t<div class=\"elementor-element elementor-element-1964d46 e-con-full e-flex e-con e-child\" data-id=\"1964d46\" data-element_type=\"container\" data-e-type=\"container\">\n\t\t\t\t<div class=\"elementor-element elementor-element-59866ae elementor-widget elementor-widget-heading\" data-id=\"59866ae\" data-element_type=\"widget\" data-e-type=\"widget\" data-widget_type=\"heading.default\">\n\t\t\t\t<div class=\"elementor-widget-container\">\n\t\t\t\t\t<h2 class=\"elementor-heading-title elementor-size-default\">Licencias de Construcci\u00f3n<\/h2>\t\t\t\t<\/div>\n\t\t\t\t<\/div>\n\t\t\t\t<div class=\"elementor-element elementor-element-c4045b9 elementor-widget elementor-widget-image\" data-id=\"c4045b9\" data-element_type=\"widget\" data-e-type=\"widget\" data-widget_type=\"image.default\">\n\t\t\t\t<div class=\"elementor-widget-container\">\n\t\t\t\t\t\t\t\t\t\t\t\t\t\t\t<img decoding=\"async\" width=\"1024\" height=\"576\" src=\"https:\/\/constructoracielo.com\/wp-content\/uploads\/2025\/06\/Casa-modelo-1024x576.jpg\" class=\"attachment-large size-large wp-image-246\" alt=\"a house with a lawn and trees\" srcset=\"https:\/\/constructoracielo.com\/wp-content\/uploads\/2025\/06\/Casa-modelo-1024x576.jpg 1024w, https:\/\/constructoracielo.com\/wp-content\/uploads\/2025\/06\/Casa-modelo-300x169.jpg 300w, https:\/\/constructoracielo.com\/wp-content\/uploads\/2025\/06\/Casa-modelo-768x432.jpg 768w, https:\/\/constructoracielo.com\/wp-content\/uploads\/2025\/06\/Casa-modelo-1536x864.jpg 1536w, https:\/\/constructoracielo.com\/wp-content\/uploads\/2025\/06\/Casa-modelo.jpg 1920w\" sizes=\"(max-width: 1024px) 100vw, 1024px\" loading=\"lazy\" \/>\t\t\t\t\t\t\t\t\t\t\t\t\t\t\t<\/div>\n\t\t\t\t<\/div>\n\t\t\t\t<div class=\"elementor-element elementor-element-fb16dce elementor-widget elementor-widget-heading\" data-id=\"fb16dce\" data-element_type=\"widget\" data-e-type=\"widget\" data-widget_type=\"heading.default\">\n\t\t\t\t<div class=\"elementor-widget-container\">\n\t\t\t\t\t<h3 class=\"elementor-heading-title elementor-size-default\">Las licencias de construcci\u00f3n son el permiso necesario para construir, ampliar o remodelar una vivienda, o urbanizar un lote. Aqu\u00ed, en Constructora Cielo, contamos con una amplia experiencia en la obtenci\u00f3n de la licencia de construcci\u00f3n, puedes consultar acerca de tu proyecto con nosotros. El tiempo de una licencia de una Construcci\u00f3n en Cali, Colombia est\u00e1 entre los 6 meses a 1 a\u00f1o, dependiendo de la complejidad del proyecto.<\/h3>\t\t\t\t<\/div>\n\t\t\t\t<\/div>\n\t\t\t\t<\/div>\n\t\t<div class=\"elementor-element elementor-element-192392e e-con-full e-flex e-con e-child\" data-id=\"192392e\" data-element_type=\"container\" data-e-type=\"container\">\n\t\t\t\t<div class=\"elementor-element elementor-element-0b63172 elementor-widget elementor-widget-heading\" data-id=\"0b63172\" data-element_type=\"widget\" data-e-type=\"widget\" data-widget_type=\"heading.default\">\n\t\t\t\t<div class=\"elementor-widget-container\">\n\t\t\t\t\t<h2 class=\"elementor-heading-title elementor-size-default\">Dise\u00f1o de Interior<\/h2>\t\t\t\t<\/div>\n\t\t\t\t<\/div>\n\t\t\t\t<div class=\"elementor-element elementor-element-c8e5788 elementor-widget elementor-widget-image\" data-id=\"c8e5788\" data-element_type=\"widget\" data-e-type=\"widget\" data-widget_type=\"image.default\">\n\t\t\t\t<div class=\"elementor-widget-container\">\n\t\t\t\t\t\t\t\t\t\t\t\t\t\t\t<img decoding=\"async\" width=\"1024\" height=\"684\" src=\"https:\/\/constructoracielo.com\/wp-content\/uploads\/2025\/07\/Diseno-de-interior-1024x684.jpg\" class=\"attachment-large size-large wp-image-380\" alt=\"\" srcset=\"https:\/\/constructoracielo.com\/wp-content\/uploads\/2025\/07\/Diseno-de-interior-1024x684.jpg 1024w, https:\/\/constructoracielo.com\/wp-content\/uploads\/2025\/07\/Diseno-de-interior-300x200.jpg 300w, https:\/\/constructoracielo.com\/wp-content\/uploads\/2025\/07\/Diseno-de-interior-768x513.jpg 768w, https:\/\/constructoracielo.com\/wp-content\/uploads\/2025\/07\/Diseno-de-interior.jpg 1280w\" sizes=\"(max-width: 1024px) 100vw, 1024px\" loading=\"lazy\" \/>\t\t\t\t\t\t\t\t\t\t\t\t\t\t\t<\/div>\n\t\t\t\t<\/div>\n\t\t\t\t<div class=\"elementor-element elementor-element-c038c48 elementor-widget elementor-widget-heading\" data-id=\"c038c48\" data-element_type=\"widget\" data-e-type=\"widget\" data-widget_type=\"heading.default\">\n\t\t\t\t<div class=\"elementor-widget-container\">\n\t\t\t\t\t<h3 class=\"elementor-heading-title elementor-size-default\">El dise\u00f1o de interior es el arte de la belleza a escala individual, con nuestros dise\u00f1os modernos haremos un estilo \u00fanico. Somos capaces de convertir un espacio sencillo en elegante, o moderno, dependiendo del gusto. Conocemos t\u00e9cnicas innovadoras como el papel colgadura o papel tapiz, l\u00e1mina pvc marmolizada, acabados en madera, alfombras, muebles en resina y dem\u00e1s acabados que har\u00e1n un espacio lujoso.<\/h3>\t\t\t\t<\/div>\n\t\t\t\t<\/div>\n\t\t\t\t<\/div>\n\t\t<div class=\"elementor-element elementor-element-8698890 e-con-full e-flex e-con e-child\" data-id=\"8698890\" data-element_type=\"container\" data-e-type=\"container\">\n\t\t\t\t<div class=\"elementor-element elementor-element-ed6345b elementor-widget elementor-widget-heading\" data-id=\"ed6345b\" data-element_type=\"widget\" data-e-type=\"widget\" data-widget_type=\"heading.default\">\n\t\t\t\t<div class=\"elementor-widget-container\">\n\t\t\t\t\t<h2 class=\"elementor-heading-title elementor-size-default\">Urbanismo<\/h2>\t\t\t\t<\/div>\n\t\t\t\t<\/div>\n\t\t\t\t<div class=\"elementor-element elementor-element-e8487ad elementor-widget elementor-widget-image\" data-id=\"e8487ad\" data-element_type=\"widget\" data-e-type=\"widget\" data-widget_type=\"image.default\">\n\t\t\t\t<div class=\"elementor-widget-container\">\n\t\t\t\t\t\t\t\t\t\t\t\t\t\t\t<img loading=\"lazy\" decoding=\"async\" width=\"1024\" height=\"682\" src=\"https:\/\/constructoracielo.com\/wp-content\/uploads\/2025\/07\/Urbanismo-1024x682.jpg\" class=\"attachment-large size-large wp-image-381\" alt=\"Urbanismo Constructora Cielo\" srcset=\"https:\/\/constructoracielo.com\/wp-content\/uploads\/2025\/07\/Urbanismo-1024x682.jpg 1024w, https:\/\/constructoracielo.com\/wp-content\/uploads\/2025\/07\/Urbanismo-300x200.jpg 300w, https:\/\/constructoracielo.com\/wp-content\/uploads\/2025\/07\/Urbanismo-768x512.jpg 768w, https:\/\/constructoracielo.com\/wp-content\/uploads\/2025\/07\/Urbanismo.jpg 1280w\" sizes=\"(max-width: 1024px) 100vw, 1024px\" \/>\t\t\t\t\t\t\t\t\t\t\t\t\t\t\t<\/div>\n\t\t\t\t<\/div>\n\t\t\t\t<div class=\"elementor-element elementor-element-c1c0342 elementor-widget elementor-widget-heading\" data-id=\"c1c0342\" data-element_type=\"widget\" data-e-type=\"widget\" data-widget_type=\"heading.default\">\n\t\t\t\t<div class=\"elementor-widget-container\">\n\t\t\t\t\t<h3 class=\"elementor-heading-title elementor-size-default\">El urbanismo es el dise\u00f1o de ciudad, se puede entender como la distribuci\u00f3n de los diferentes usos,  explotaci\u00f3n del suelo y dise\u00f1o de redes para garantizar los servicios p\u00fablicos b\u00e1sicos, as\u00ed nosotros ofrecemos el dise\u00f1o de ciudad. As\u00ed mismo, ofrecemos el dise\u00f1o de conjuntos residenciales o de casas en lotes de desarrollo urbano.<\/h3>\t\t\t\t<\/div>\n\t\t\t\t<\/div>\n\t\t\t\t<\/div>\n\t\t\t\t\t<\/div>\n\t\t\t\t<\/div>\n\t\t<div class=\"elementor-element elementor-element-be805b7 e-flex e-con-boxed e-con e-parent\" data-id=\"be805b7\" data-element_type=\"container\" data-e-type=\"container\">\n\t\t\t\t\t<div class=\"e-con-inner\">\n\t\t\t\t<div class=\"elementor-element elementor-element-b12d313 elementor-widget-divider--view-line elementor-widget elementor-widget-divider\" data-id=\"b12d313\" data-element_type=\"widget\" data-e-type=\"widget\" data-widget_type=\"divider.default\">\n\t\t\t\t<div class=\"elementor-widget-container\">\n\t\t\t\t\t\t\t<div class=\"elementor-divider\">\n\t\t\t<span class=\"elementor-divider-separator\">\n\t\t\t\t\t\t<\/span>\n\t\t<\/div>\n\t\t\t\t\t\t<\/div>\n\t\t\t\t<\/div>\n\t\t\t\t<div class=\"elementor-element elementor-element-2f62b80 elementor-button-info elementor-align-center elementor-widget elementor-widget-button\" data-id=\"2f62b80\" data-element_type=\"widget\" data-e-type=\"widget\" data-widget_type=\"button.default\">\n\t\t\t\t<div class=\"elementor-widget-container\">\n\t\t\t\t\t\t\t\t\t<div class=\"elementor-button-wrapper\">\n\t\t\t\t\t<a class=\"elementor-button elementor-button-link elementor-size-sm\" href=\"http:\/\/wa.link\/3vbhn1\" target=\"_blank\" rel=\"noopener\">\n\t\t\t\t\t\t<span class=\"elementor-button-content-wrapper\">\n\t\t\t\t\t\t<span class=\"elementor-button-icon\">\n\t\t\t\t<svg aria-hidden=\"true\" class=\"e-font-icon-svg e-fas-info-circle\" viewBox=\"0 0 512 512\" xmlns=\"http:\/\/www.w3.org\/2000\/svg\"><path d=\"M256 8C119.043 8 8 119.083 8 256c0 136.997 111.043 248 248 248s248-111.003 248-248C504 119.083 392.957 8 256 8zm0 110c23.196 0 42 18.804 42 42s-18.804 42-42 42-42-18.804-42-42 18.804-42 42-42zm56 254c0 6.627-5.373 12-12 12h-88c-6.627 0-12-5.373-12-12v-24c0-6.627 5.373-12 12-12h12v-64h-12c-6.627 0-12-5.373-12-12v-24c0-6.627 5.373-12 12-12h64c6.627 0 12 5.373 12 12v100h12c6.627 0 12 5.373 12 12v24z\"><\/path><\/svg>\t\t\t<\/span>\n\t\t\t\t\t\t\t\t\t<span class=\"elementor-button-text\">Solicita aqu\u00ed tu servicio<\/span>\n\t\t\t\t\t<\/span>\n\t\t\t\t\t<\/a>\n\t\t\t\t<\/div>\n\t\t\t\t\t\t\t\t<\/div>\n\t\t\t\t<\/div>\n\t\t\t\t\t<\/div>\n\t\t\t\t<\/div>\n\t\t\t\t<\/div>\n\t\t","protected":false},"excerpt":{"rendered":"<p>Portafolio de remodelaciones Constructora Cielo 2025 \u00bfQuienes somos en Constructora Cielo? Constructora Cielo es una empresa de Construcci\u00f3n, especialista en [&hellip;]<\/p>\n","protected":false},"author":1,"featured_media":0,"parent":0,"menu_order":0,"comment_status":"closed","ping_status":"closed","template":"","meta":{"site-sidebar-layout":"no-sidebar","site-content-layout":"","ast-site-content-layout":"full-width-container","site-content-style":"default","site-sidebar-style":"default","ast-global-header-display":"","ast-banner-title-visibility":"","ast-main-header-display":"","ast-hfb-above-header-display":"","ast-hfb-below-header-display":"","ast-hfb-mobile-header-display":"","site-post-title":"disabled","ast-breadcrumbs-content":"","ast-featured-img":"disabled","footer-sml-layout":"","theme-transparent-header-meta":"","adv-header-id-meta":"","stick-header-meta":"","header-above-stick-meta":"","header-main-stick-meta":"","header-below-stick-meta":"","astra-migrate-meta-layouts":"default","ast-page-background-enabled":"default","ast-page-background-meta":{"desktop":{"background-color":"var(--ast-global-color-5)","background-image":"","background-repeat":"repeat","background-position":"center center","background-size":"auto","background-attachment":"scroll","background-type":"","background-media":"","overlay-type":"","overlay-color":"","overlay-opacity":"","overlay-gradient":""},"tablet":{"background-color":"","background-image":"","background-repeat":"repeat","background-position":"center center","background-size":"auto","background-attachment":"scroll","background-type":"","background-media":"","overlay-type":"","overlay-color":"","overlay-opacity":"","overlay-gradient":""},"mobile":{"background-color":"","background-image":"","background-repeat":"repeat","background-position":"center center","background-size":"auto","background-attachment":"scroll","background-type":"","background-media":"","overlay-type":"","overlay-color":"","overlay-opacity":"","overlay-gradient":""}},"ast-content-background-meta":{"desktop":{"background-color":"var(--ast-global-color-4)","background-image":"","background-repeat":"repeat","background-position":"center center","background-size":"auto","background-attachment":"scroll","background-type":"","background-media":"","overlay-type":"","overlay-color":"","overlay-opacity":"","overlay-gradient":""},"tablet":{"background-color":"var(--ast-global-color-4)","background-image":"","background-repeat":"repeat","background-position":"center center","background-size":"auto","background-attachment":"scroll","background-type":"","background-media":"","overlay-type":"","overlay-color":"","overlay-opacity":"","overlay-gradient":""},"mobile":{"background-color":"var(--ast-global-color-4)","background-image":"","background-repeat":"repeat","background-position":"center center","background-size":"auto","background-attachment":"scroll","background-type":"","background-media":"","overlay-type":"","overlay-color":"","overlay-opacity":"","overlay-gradient":""}},"footnotes":""},"class_list":["post-361","page","type-page","status-publish","hentry"],"_links":{"self":[{"href":"https:\/\/constructoracielo.com\/index.php\/wp-json\/wp\/v2\/pages\/361","targetHints":{"allow":["GET"]}}],"collection":[{"href":"https:\/\/constructoracielo.com\/index.php\/wp-json\/wp\/v2\/pages"}],"about":[{"href":"https:\/\/constructoracielo.com\/index.php\/wp-json\/wp\/v2\/types\/page"}],"author":[{"embeddable":true,"href":"https:\/\/constructoracielo.com\/index.php\/wp-json\/wp\/v2\/users\/1"}],"replies":[{"embeddable":true,"href":"https:\/\/constructoracielo.com\/index.php\/wp-json\/wp\/v2\/comments?post=361"}],"version-history":[{"count":26,"href":"https:\/\/constructoracielo.com\/index.php\/wp-json\/wp\/v2\/pages\/361\/revisions"}],"predecessor-version":[{"id":391,"href":"https:\/\/constructoracielo.com\/index.php\/wp-json\/wp\/v2\/pages\/361\/revisions\/391"}],"wp:attachment":[{"href":"https:\/\/constructoracielo.com\/index.php\/wp-json\/wp\/v2\/media?parent=361"}],"curies":[{"name":"wp","href":"https:\/\/api.w.org\/{rel}","templated":true}]}}